{"id":12,"date":"2025-03-04T15:28:19","date_gmt":"2025-03-04T15:28:19","guid":{"rendered":"https:\/\/lapasionderosas.com.ar\/?page_id=12"},"modified":"2025-03-04T15:33:41","modified_gmt":"2025-03-04T15:33:41","slug":"construccion","status":"publish","type":"page","link":"https:\/\/lapasionderosas.com.ar\/index.php\/construccion\/","title":{"rendered":"Construcci\u00f3n"},"content":{"rendered":"<p>[et_pb_section fb_built=\u00bb1&#8243; _builder_version=\u00bb4.27.4&#8243; _module_preset=\u00bbdefault\u00bb hover_enabled=\u00bb0&#8243; global_colors_info=\u00bb{}\u00bb background_image=\u00bbhttps:\/\/lapasionderosas.com.ar\/wp-content\/uploads\/2025\/03\/fondo1-para-web.jpg\u00bb sticky_enabled=\u00bb0&#8243; min_height=\u00bb100%\u00bb height=\u00bb100%\u00bb max_height=\u00bb100%\u00bb][et_pb_row _builder_version=\u00bb4.27.4&#8243; _module_preset=\u00bbdefault\u00bb global_colors_info=\u00bb{}\u00bb][et_pb_column type=\u00bb4_4&#8243; _builder_version=\u00bb4.27.4&#8243; _module_preset=\u00bbdefault\u00bb global_colors_info=\u00bb{}\u00bb][et_pb_image src=\u00bbhttps:\/\/lapasionderosas.com.ar\/wp-content\/uploads\/2025\/03\/LOGO-LA-PASION-DE-ROSAS-PNG-WEB-700px.png\u00bb _builder_version=\u00bb4.27.4&#8243; _module_preset=\u00bbdefault\u00bb hover_enabled=\u00bb0&#8243; global_colors_info=\u00bb{}\u00bb align=\u00bbcenter\u00bb sticky_enabled=\u00bb0&#8243; custom_margin=\u00bb-113px||||false|false\u00bb][\/et_pb_image][et_pb_text _builder_version=\u00bb4.27.4&#8243; _module_preset=\u00bbdefault\u00bb hover_enabled=\u00bb0&#8243; sticky_enabled=\u00bb0&#8243; text_font=\u00bbABeeZee||||||||\u00bb text_text_color=\u00bb#FFFFFF\u00bb text_font_size=\u00bb19px\u00bb]<\/p>\n<p style=\"text-align: center;\">Sitio en construcci\u00f3n. <br \/>r\u00f3ximamente te vamos a presentar una experiencia digital \u00fanica.<\/p>\n<p>[\/et_pb_text][\/et_pb_column][\/et_pb_row][\/et_pb_section]<\/p>\n","protected":false},"excerpt":{"rendered":"<p>Sitio en construcci\u00f3n. r\u00f3ximamente te vamos a presentar una experiencia digital \u00fanica.<\/p>\n","protected":false},"author":1,"featured_media":0,"parent":0,"menu_order":0,"comment_status":"closed","ping_status":"closed","template":"page-template-blank.php","meta":{"_et_pb_use_builder":"on","_et_pb_old_content":"","_et_gb_content_width":"","footnotes":""},"class_list":["post-12","page","type-page","status-publish","hentry"],"_links":{"self":[{"href":"https:\/\/lapasionderosas.com.ar\/index.php\/wp-json\/wp\/v2\/pages\/12","targetHints":{"allow":["GET"]}}],"collection":[{"href":"https:\/\/lapasionderosas.com.ar\/index.php\/wp-json\/wp\/v2\/pages"}],"about":[{"href":"https:\/\/lapasionderosas.com.ar\/index.php\/wp-json\/wp\/v2\/types\/page"}],"author":[{"embeddable":true,"href":"https:\/\/lapasionderosas.com.ar\/index.php\/wp-json\/wp\/v2\/users\/1"}],"replies":[{"embeddable":true,"href":"https:\/\/lapasionderosas.com.ar\/index.php\/wp-json\/wp\/v2\/comments?post=12"}],"version-history":[{"count":4,"href":"https:\/\/lapasionderosas.com.ar\/index.php\/wp-json\/wp\/v2\/pages\/12\/revisions"}],"predecessor-version":[{"id":19,"href":"https:\/\/lapasionderosas.com.ar\/index.php\/wp-json\/wp\/v2\/pages\/12\/revisions\/19"}],"wp:attachment":[{"href":"https:\/\/lapasionderosas.com.ar\/index.php\/wp-json\/wp\/v2\/media?parent=12"}],"curies":[{"name":"wp","href":"https:\/\/api.w.org\/{rel}","templated":true}]}}